{"id":41869,"date":"2021-10-08T02:54:27","date_gmt":"2021-10-08T02:54:27","guid":{"rendered":"https:\/\/paramusictoronto.com\/?product=el-baile-aleman"},"modified":"2026-04-26T03:11:33","modified_gmt":"2026-04-26T03:11:33","slug":"el-baile-aleman","status":"publish","type":"product","link":"https:\/\/paramusictoronto.com\/?product=el-baile-aleman","title":{"rendered":"El Baile Alem\u00e1n"},"content":{"rendered":"<p>Se\u00f1or Coconut Y Su Conjunto* &#8211; El Baile Alem\u00e1n (CD, Album, Promo)<\/p>\n","protected":false},"excerpt":{"rendered":"<p>Se\u00f1or Coconut Y Su Conjunto* &#8211; El Baile Alem\u00e1n (CD, Album, Promo)<\/p>\n","protected":false},"featured_media":41870,"template":"","meta":{"spay_email":""},"product_brand":[],"product_cat":[53,58,55],"product_tag":[],"class_list":{"0":"post-41869","1":"product","2":"type-product","3":"status-publish","4":"has-post-thumbnail","6":"product_cat-cds","7":"product_cat-electronic","8":"product_cat-used-cds","10":"first","11":"instock","12":"taxable","13":"shipping-taxable","14":"purchasable","15":"product-type-simple"},"_links":{"self":[{"href":"https:\/\/paramusictoronto.com\/index.php?rest_route=\/wp\/v2\/product\/41869","targetHints":{"allow":["GET"]}}],"collection":[{"href":"https:\/\/paramusictoronto.com\/index.php?rest_route=\/wp\/v2\/product"}],"about":[{"href":"https:\/\/paramusictoronto.com\/index.php?rest_route=\/wp\/v2\/types\/product"}],"wp:featuredmedia":[{"embeddable":true,"href":"https:\/\/paramusictoronto.com\/index.php?rest_route=\/wp\/v2\/media\/41870"}],"wp:attachment":[{"href":"https:\/\/paramusictoronto.com\/index.php?rest_route=%2Fwp%2Fv2%2Fmedia&parent=41869"}],"wp:term":[{"taxonomy":"product_brand","embeddable":true,"href":"https:\/\/paramusictoronto.com\/index.php?rest_route=%2Fwp%2Fv2%2Fproduct_brand&post=41869"},{"taxonomy":"product_cat","embeddable":true,"href":"https:\/\/paramusictoronto.com\/index.php?rest_route=%2Fwp%2Fv2%2Fproduct_cat&post=41869"},{"taxonomy":"product_tag","embeddable":true,"href":"https:\/\/paramusictoronto.com\/index.php?rest_route=%2Fwp%2Fv2%2Fproduct_tag&post=41869"}],"curies":[{"name":"wp","href":"https:\/\/api.w.org\/{rel}","templated":true}]}}