{"id":46075,"date":"2021-12-17T03:07:37","date_gmt":"2021-12-17T03:07:37","guid":{"rendered":"https:\/\/paramusictoronto.com\/?product=premiere"},"modified":"2026-04-24T03:11:18","modified_gmt":"2026-04-24T03:11:18","slug":"premiere","status":"publish","type":"product","link":"https:\/\/paramusictoronto.com\/?product=premiere","title":{"rendered":"Premi\u00e8re"},"content":{"rendered":"<p>Various \/ Andr\u00e9 Pr\u00e9vost, Srul Irving Glick, R. Murray Schafer, Michael Conway Baker, Michel Longtin &#8211; Premi\u00e8re (2xLP, Album, Gat)<\/p>\n","protected":false},"excerpt":{"rendered":"<p>Various \/ Andr\u00e9 Pr\u00e9vost, Srul Irving Glick, R. Murray Schafer, Michael Conway Baker, Michel Longtin &#8211; Premi\u00e8re (2xLP, Album, Gat)<\/p>\n","protected":false},"featured_media":46076,"template":"","meta":{"spay_email":""},"product_brand":[],"product_cat":[100,63,56],"product_tag":[],"class_list":{"0":"post-46075","1":"product","2":"type-product","3":"status-publish","4":"has-post-thumbnail","6":"product_cat-classical-vinyl","7":"product_cat-new-vinyl","8":"product_cat-vinyl","10":"first","11":"instock","12":"taxable","13":"shipping-taxable","14":"purchasable","15":"product-type-simple"},"_links":{"self":[{"href":"https:\/\/paramusictoronto.com\/index.php?rest_route=\/wp\/v2\/product\/46075","targetHints":{"allow":["GET"]}}],"collection":[{"href":"https:\/\/paramusictoronto.com\/index.php?rest_route=\/wp\/v2\/product"}],"about":[{"href":"https:\/\/paramusictoronto.com\/index.php?rest_route=\/wp\/v2\/types\/product"}],"wp:featuredmedia":[{"embeddable":true,"href":"https:\/\/paramusictoronto.com\/index.php?rest_route=\/wp\/v2\/media\/46076"}],"wp:attachment":[{"href":"https:\/\/paramusictoronto.com\/index.php?rest_route=%2Fwp%2Fv2%2Fmedia&parent=46075"}],"wp:term":[{"taxonomy":"product_brand","embeddable":true,"href":"https:\/\/paramusictoronto.com\/index.php?rest_route=%2Fwp%2Fv2%2Fproduct_brand&post=46075"},{"taxonomy":"product_cat","embeddable":true,"href":"https:\/\/paramusictoronto.com\/index.php?rest_route=%2Fwp%2Fv2%2Fproduct_cat&post=46075"},{"taxonomy":"product_tag","embeddable":true,"href":"https:\/\/paramusictoronto.com\/index.php?rest_route=%2Fwp%2Fv2%2Fproduct_tag&post=46075"}],"curies":[{"name":"wp","href":"https:\/\/api.w.org\/{rel}","templated":true}]}}