{"id":49559,"date":"2022-04-19T03:12:36","date_gmt":"2022-04-19T03:12:36","guid":{"rendered":"https:\/\/paramusictoronto.com\/?product=mi-unica-razon"},"modified":"2026-04-22T03:13:45","modified_gmt":"2026-04-22T03:13:45","slug":"mi-unica-razon","status":"publish","type":"product","link":"https:\/\/paramusictoronto.com\/?product=mi-unica-razon","title":{"rendered":"Mi \u00danica Raz\u00f3n"},"content":{"rendered":"<p>Manolo Galv\u00e1n &#8211; Mi \u00danica Raz\u00f3n (LP, Album)<\/p>\n","protected":false},"excerpt":{"rendered":"<p>Manolo Galv\u00e1n &#8211; Mi \u00danica Raz\u00f3n (LP, Album)<\/p>\n","protected":false},"featured_media":49560,"template":"","meta":{"spay_email":""},"product_brand":[],"product_cat":[64,57,56],"product_tag":[],"class_list":{"0":"post-49559","1":"product","2":"type-product","3":"status-publish","4":"has-post-thumbnail","6":"product_cat-pop","7":"product_cat-used-vinyl","8":"product_cat-vinyl","10":"first","11":"instock","12":"taxable","13":"shipping-taxable","14":"purchasable","15":"product-type-simple"},"_links":{"self":[{"href":"https:\/\/paramusictoronto.com\/index.php?rest_route=\/wp\/v2\/product\/49559","targetHints":{"allow":["GET"]}}],"collection":[{"href":"https:\/\/paramusictoronto.com\/index.php?rest_route=\/wp\/v2\/product"}],"about":[{"href":"https:\/\/paramusictoronto.com\/index.php?rest_route=\/wp\/v2\/types\/product"}],"wp:featuredmedia":[{"embeddable":true,"href":"https:\/\/paramusictoronto.com\/index.php?rest_route=\/wp\/v2\/media\/49560"}],"wp:attachment":[{"href":"https:\/\/paramusictoronto.com\/index.php?rest_route=%2Fwp%2Fv2%2Fmedia&parent=49559"}],"wp:term":[{"taxonomy":"product_brand","embeddable":true,"href":"https:\/\/paramusictoronto.com\/index.php?rest_route=%2Fwp%2Fv2%2Fproduct_brand&post=49559"},{"taxonomy":"product_cat","embeddable":true,"href":"https:\/\/paramusictoronto.com\/index.php?rest_route=%2Fwp%2Fv2%2Fproduct_cat&post=49559"},{"taxonomy":"product_tag","embeddable":true,"href":"https:\/\/paramusictoronto.com\/index.php?rest_route=%2Fwp%2Fv2%2Fproduct_tag&post=49559"}],"curies":[{"name":"wp","href":"https:\/\/api.w.org\/{rel}","templated":true}]}}