{"id":49814,"date":"2022-04-29T03:12:48","date_gmt":"2022-04-29T03:12:48","guid":{"rendered":"https:\/\/paramusictoronto.com\/?product=les-plus-beaux-poemes-de-la-langue-francaise"},"modified":"2026-04-24T03:12:36","modified_gmt":"2026-04-24T03:12:36","slug":"les-plus-beaux-poemes-de-la-langue-francaise","status":"publish","type":"product","link":"https:\/\/paramusictoronto.com\/?product=les-plus-beaux-poemes-de-la-langue-francaise","title":{"rendered":"Les Plus Beaux Po\u00e8mes De La Langue Francaise"},"content":{"rendered":"<p>G\u00e9rard Philipe Avec Maria Casar\u00e8s &#8211; Les Plus Beaux Po\u00e8mes De La Langue Francaise (CD, RE)<\/p>\n","protected":false},"excerpt":{"rendered":"<p>G\u00e9rard Philipe Avec Maria Casar\u00e8s &#8211; Les Plus Beaux Po\u00e8mes De La Langue Francaise (CD, RE)<\/p>\n","protected":false},"featured_media":49815,"template":"","meta":{"spay_email":""},"product_brand":[],"product_cat":[53,65,55],"product_tag":[],"class_list":{"0":"post-49814","1":"product","2":"type-product","3":"status-publish","4":"has-post-thumbnail","6":"product_cat-cds","7":"product_cat-non-music","8":"product_cat-used-cds","10":"first","11":"instock","12":"taxable","13":"shipping-taxable","14":"purchasable","15":"product-type-simple"},"_links":{"self":[{"href":"https:\/\/paramusictoronto.com\/index.php?rest_route=\/wp\/v2\/product\/49814","targetHints":{"allow":["GET"]}}],"collection":[{"href":"https:\/\/paramusictoronto.com\/index.php?rest_route=\/wp\/v2\/product"}],"about":[{"href":"https:\/\/paramusictoronto.com\/index.php?rest_route=\/wp\/v2\/types\/product"}],"wp:featuredmedia":[{"embeddable":true,"href":"https:\/\/paramusictoronto.com\/index.php?rest_route=\/wp\/v2\/media\/49815"}],"wp:attachment":[{"href":"https:\/\/paramusictoronto.com\/index.php?rest_route=%2Fwp%2Fv2%2Fmedia&parent=49814"}],"wp:term":[{"taxonomy":"product_brand","embeddable":true,"href":"https:\/\/paramusictoronto.com\/index.php?rest_route=%2Fwp%2Fv2%2Fproduct_brand&post=49814"},{"taxonomy":"product_cat","embeddable":true,"href":"https:\/\/paramusictoronto.com\/index.php?rest_route=%2Fwp%2Fv2%2Fproduct_cat&post=49814"},{"taxonomy":"product_tag","embeddable":true,"href":"https:\/\/paramusictoronto.com\/index.php?rest_route=%2Fwp%2Fv2%2Fproduct_tag&post=49814"}],"curies":[{"name":"wp","href":"https:\/\/api.w.org\/{rel}","templated":true}]}}