{"id":50186,"date":"2022-05-11T03:13:21","date_gmt":"2022-05-11T03:13:21","guid":{"rendered":"https:\/\/paramusictoronto.com\/?product=cafe-arabia-rai-roots-mint-tea"},"modified":"2026-04-22T03:14:49","modified_gmt":"2026-04-22T03:14:49","slug":"cafe-arabia-rai-roots-mint-tea","status":"publish","type":"product","link":"https:\/\/paramusictoronto.com\/?product=cafe-arabia-rai-roots-mint-tea","title":{"rendered":"Caf\u00e9 Arabia (Ra\u00ef Roots &amp; Mint Tea)"},"content":{"rendered":"<p>Various &#8211; Caf\u00e9 Arabia (Ra\u00ef Roots &amp; Mint Tea) (CD, Comp)<\/p>\n","protected":false},"excerpt":{"rendered":"<p>Various &#8211; Caf\u00e9 Arabia (Ra\u00ef Roots &amp; Mint Tea) (CD, Comp)<\/p>\n","protected":false},"featured_media":50187,"template":"","meta":{"spay_email":""},"product_brand":[],"product_cat":[53,87,55],"product_tag":[],"class_list":{"0":"post-50186","1":"product","2":"type-product","3":"status-publish","4":"has-post-thumbnail","6":"product_cat-cds","7":"product_cat-folk-world-country-cds","8":"product_cat-used-cds","10":"first","11":"instock","12":"taxable","13":"shipping-taxable","14":"purchasable","15":"product-type-simple"},"_links":{"self":[{"href":"https:\/\/paramusictoronto.com\/index.php?rest_route=\/wp\/v2\/product\/50186","targetHints":{"allow":["GET"]}}],"collection":[{"href":"https:\/\/paramusictoronto.com\/index.php?rest_route=\/wp\/v2\/product"}],"about":[{"href":"https:\/\/paramusictoronto.com\/index.php?rest_route=\/wp\/v2\/types\/product"}],"wp:featuredmedia":[{"embeddable":true,"href":"https:\/\/paramusictoronto.com\/index.php?rest_route=\/wp\/v2\/media\/50187"}],"wp:attachment":[{"href":"https:\/\/paramusictoronto.com\/index.php?rest_route=%2Fwp%2Fv2%2Fmedia&parent=50186"}],"wp:term":[{"taxonomy":"product_brand","embeddable":true,"href":"https:\/\/paramusictoronto.com\/index.php?rest_route=%2Fwp%2Fv2%2Fproduct_brand&post=50186"},{"taxonomy":"product_cat","embeddable":true,"href":"https:\/\/paramusictoronto.com\/index.php?rest_route=%2Fwp%2Fv2%2Fproduct_cat&post=50186"},{"taxonomy":"product_tag","embeddable":true,"href":"https:\/\/paramusictoronto.com\/index.php?rest_route=%2Fwp%2Fv2%2Fproduct_tag&post=50186"}],"curies":[{"name":"wp","href":"https:\/\/api.w.org\/{rel}","templated":true}]}}