{"id":63790,"date":"2024-04-03T04:28:31","date_gmt":"2024-04-03T04:28:31","guid":{"rendered":"https:\/\/paramusictoronto.com\/?product=electrons-libres-du-quebec"},"modified":"2026-04-24T04:21:22","modified_gmt":"2026-04-24T04:21:22","slug":"electrons-libres-du-quebec","status":"publish","type":"product","link":"https:\/\/paramusictoronto.com\/?product=electrons-libres-du-quebec","title":{"rendered":"\u00c9lectrons Libres Du Qu\u00e9bec"},"content":{"rendered":"<p>Population II &#8211; \u00c9lectrons Libres Du Qu\u00e9bec (LP, Album)<\/p>\n","protected":false},"excerpt":{"rendered":"<p>Population II &#8211; \u00c9lectrons Libres Du Qu\u00e9bec (LP, Album)<\/p>\n","protected":false},"featured_media":63791,"template":"","meta":{"spay_email":""},"product_brand":[],"product_cat":[63,80,56],"product_tag":[],"class_list":{"0":"post-63790","1":"product","2":"type-product","3":"status-publish","4":"has-post-thumbnail","6":"product_cat-new-vinyl","7":"product_cat-rock-vinyl","8":"product_cat-vinyl","10":"first","11":"instock","12":"taxable","13":"shipping-taxable","14":"purchasable","15":"product-type-simple"},"_links":{"self":[{"href":"https:\/\/paramusictoronto.com\/index.php?rest_route=\/wp\/v2\/product\/63790","targetHints":{"allow":["GET"]}}],"collection":[{"href":"https:\/\/paramusictoronto.com\/index.php?rest_route=\/wp\/v2\/product"}],"about":[{"href":"https:\/\/paramusictoronto.com\/index.php?rest_route=\/wp\/v2\/types\/product"}],"wp:featuredmedia":[{"embeddable":true,"href":"https:\/\/paramusictoronto.com\/index.php?rest_route=\/wp\/v2\/media\/63791"}],"wp:attachment":[{"href":"https:\/\/paramusictoronto.com\/index.php?rest_route=%2Fwp%2Fv2%2Fmedia&parent=63790"}],"wp:term":[{"taxonomy":"product_brand","embeddable":true,"href":"https:\/\/paramusictoronto.com\/index.php?rest_route=%2Fwp%2Fv2%2Fproduct_brand&post=63790"},{"taxonomy":"product_cat","embeddable":true,"href":"https:\/\/paramusictoronto.com\/index.php?rest_route=%2Fwp%2Fv2%2Fproduct_cat&post=63790"},{"taxonomy":"product_tag","embeddable":true,"href":"https:\/\/paramusictoronto.com\/index.php?rest_route=%2Fwp%2Fv2%2Fproduct_tag&post=63790"}],"curies":[{"name":"wp","href":"https:\/\/api.w.org\/{rel}","templated":true}]}}