{"id":66264,"date":"2024-11-08T16:36:42","date_gmt":"2024-11-08T16:36:42","guid":{"rendered":"https:\/\/paramusictoronto.com\/?product=odins-raven-magic"},"modified":"2026-04-17T04:24:26","modified_gmt":"2026-04-17T04:24:26","slug":"odins-raven-magic","status":"publish","type":"product","link":"https:\/\/paramusictoronto.com\/?product=odins-raven-magic","title":{"rendered":"Odin&#8217;s Raven Magic"},"content":{"rendered":"<p>Sigur R\u00f3s With Steind\u00f3r Andersen, Hilmar \u00d6rn Hilmarsson And Mar\u00eda Huld Markan Sigf\u00fasd\u00f3ttir &#8211; Odin&#8217;s Raven Magic (2xLP, Album)<\/p>\n","protected":false},"excerpt":{"rendered":"<p>Sigur R\u00f3s With Steind\u00f3r Andersen, Hilmar \u00d6rn Hilmarsson And Mar\u00eda Huld Markan Sigf\u00fasd\u00f3ttir &#8211; Odin&#8217;s Raven Magic (2xLP, Album)<\/p>\n","protected":false},"featured_media":66265,"template":"","meta":{"spay_email":""},"product_brand":[],"product_cat":[100,63,56],"product_tag":[],"class_list":{"0":"post-66264","1":"product","2":"type-product","3":"status-publish","4":"has-post-thumbnail","6":"product_cat-classical-vinyl","7":"product_cat-new-vinyl","8":"product_cat-vinyl","10":"first","11":"instock","12":"taxable","13":"shipping-taxable","14":"purchasable","15":"product-type-simple"},"_links":{"self":[{"href":"https:\/\/paramusictoronto.com\/index.php?rest_route=\/wp\/v2\/product\/66264","targetHints":{"allow":["GET"]}}],"collection":[{"href":"https:\/\/paramusictoronto.com\/index.php?rest_route=\/wp\/v2\/product"}],"about":[{"href":"https:\/\/paramusictoronto.com\/index.php?rest_route=\/wp\/v2\/types\/product"}],"wp:featuredmedia":[{"embeddable":true,"href":"https:\/\/paramusictoronto.com\/index.php?rest_route=\/wp\/v2\/media\/66265"}],"wp:attachment":[{"href":"https:\/\/paramusictoronto.com\/index.php?rest_route=%2Fwp%2Fv2%2Fmedia&parent=66264"}],"wp:term":[{"taxonomy":"product_brand","embeddable":true,"href":"https:\/\/paramusictoronto.com\/index.php?rest_route=%2Fwp%2Fv2%2Fproduct_brand&post=66264"},{"taxonomy":"product_cat","embeddable":true,"href":"https:\/\/paramusictoronto.com\/index.php?rest_route=%2Fwp%2Fv2%2Fproduct_cat&post=66264"},{"taxonomy":"product_tag","embeddable":true,"href":"https:\/\/paramusictoronto.com\/index.php?rest_route=%2Fwp%2Fv2%2Fproduct_tag&post=66264"}],"curies":[{"name":"wp","href":"https:\/\/api.w.org\/{rel}","templated":true}]}}