{"id":68787,"date":"2025-05-07T05:16:43","date_gmt":"2025-05-07T05:16:43","guid":{"rendered":"https:\/\/paramusictoronto.com\/?product=mel-torme-rob-mcconnell-and-the-boss-brass"},"modified":"2026-04-24T05:11:27","modified_gmt":"2026-04-24T05:11:27","slug":"mel-torme-rob-mcconnell-and-the-boss-brass","status":"publish","type":"product","link":"https:\/\/paramusictoronto.com\/?product=mel-torme-rob-mcconnell-and-the-boss-brass","title":{"rendered":"Mel Torm\u00e9 &#8211; Rob McConnell And The Boss Brass"},"content":{"rendered":"<p>Mel Torm\u00e9, Rob McConnell And The Boss Brass* &#8211; Mel Torm\u00e9 &#8211; Rob McConnell And The Boss Brass (CD, Album)<\/p>\n","protected":false},"excerpt":{"rendered":"<p>Mel Torm\u00e9, Rob McConnell And The Boss Brass* &#8211; Mel Torm\u00e9 &#8211; Rob McConnell And The Boss Brass (CD, Album)<\/p>\n","protected":false},"featured_media":68788,"template":"","meta":{"spay_email":""},"product_brand":[],"product_cat":[53,60,55],"product_tag":[],"class_list":{"0":"post-68787","1":"product","2":"type-product","3":"status-publish","4":"has-post-thumbnail","6":"product_cat-cds","7":"product_cat-jazz","8":"product_cat-used-cds","10":"first","11":"instock","12":"taxable","13":"shipping-taxable","14":"purchasable","15":"product-type-simple"},"_links":{"self":[{"href":"https:\/\/paramusictoronto.com\/index.php?rest_route=\/wp\/v2\/product\/68787","targetHints":{"allow":["GET"]}}],"collection":[{"href":"https:\/\/paramusictoronto.com\/index.php?rest_route=\/wp\/v2\/product"}],"about":[{"href":"https:\/\/paramusictoronto.com\/index.php?rest_route=\/wp\/v2\/types\/product"}],"wp:featuredmedia":[{"embeddable":true,"href":"https:\/\/paramusictoronto.com\/index.php?rest_route=\/wp\/v2\/media\/68788"}],"wp:attachment":[{"href":"https:\/\/paramusictoronto.com\/index.php?rest_route=%2Fwp%2Fv2%2Fmedia&parent=68787"}],"wp:term":[{"taxonomy":"product_brand","embeddable":true,"href":"https:\/\/paramusictoronto.com\/index.php?rest_route=%2Fwp%2Fv2%2Fproduct_brand&post=68787"},{"taxonomy":"product_cat","embeddable":true,"href":"https:\/\/paramusictoronto.com\/index.php?rest_route=%2Fwp%2Fv2%2Fproduct_cat&post=68787"},{"taxonomy":"product_tag","embeddable":true,"href":"https:\/\/paramusictoronto.com\/index.php?rest_route=%2Fwp%2Fv2%2Fproduct_tag&post=68787"}],"curies":[{"name":"wp","href":"https:\/\/api.w.org\/{rel}","templated":true}]}}